{"id":24131,"date":"2023-01-05T21:09:54","date_gmt":"2023-01-05T21:09:54","guid":{"rendered":"https:\/\/ycpcreativos.com\/angelasierra\/?page_id=24131"},"modified":"2026-02-06T13:10:40","modified_gmt":"2026-02-06T12:10:40","slug":"aviso-legal","status":"publish","type":"page","link":"https:\/\/ycpcreativos.com\/angelasierra\/aviso-legal\/","title":{"rendered":"Aviso Legal"},"content":{"rendered":"\t\t<div data-elementor-type=\"wp-page\" data-elementor-id=\"24131\" class=\"elementor elementor-24131\">\n\t\t\t\t\t\t<section class=\"elementor-section elementor-top-section elementor-element elementor-element-138fb98d elementor-section-boxed elementor-section-height-default elementor-section-height-default sc_fly_static\" data-id=\"138fb98d\" data-element_type=\"section\" data-settings=\"{&quot;background_background&quot;:&quot;classic&quot;}\">\n\t\t\t\t\t\t<div class=\"elementor-container elementor-column-gap-extended\">\n\t\t\t\t\t<div class=\"elementor-column elementor-col-100 elementor-top-column elementor-element elementor-element-33ec3f6c sc_content_align_inherit sc_layouts_column_icons_position_left sc_fly_static\" data-id=\"33ec3f6c\" data-element_type=\"column\">\n\t\t\t<div class=\"elementor-widget-wrap elementor-element-populated\">\n\t\t\t\t\t\t<div class=\"elementor-element elementor-element-1eb44083 sc_fly_static elementor-widget elementor-widget-text-editor\" data-id=\"1eb44083\" data-element_type=\"widget\" data-widget_type=\"text-editor.default\">\n\t\t\t\t<div class=\"elementor-widget-container\">\n\t\t\t\t\t\t\t\t\t<h5>Identidad y titular de la web:\u00a0 www.tratandoeldolor.com<br \/>Responsable, autora y propietaria: \u00c1ngela Sierra C\u00e1rdenas<br \/>Nombre comercial: Tratando el dolor<br \/>NIF\/CIF: 30228077M<br \/>Correo electr\u00f3nico: tratandoeldolor@gmail.com<\/h5><h3>AVISO LEGAL<\/h3><h4><strong>I. INFORMACI\u00d3N GENERAL<\/strong><\/h4><h4>En cumplimiento con el deber de informaci\u00f3n dispuesto en la Ley 34\/2002 de Servicios de la Sociedad de la Informaci\u00f3n y el Comercio Electr\u00f3nico (LSSI-CE) de 11 de julio, se facilitan a continuaci\u00f3n los siguientes datos de informaci\u00f3n general de este sitio web:<br \/>La titularidad de este sitio web, www.saludeformaconsciente.com (en adelante, Sitio Web) la ostenta: \u00c1ngela Sierra C\u00e1rdenas, con NIF:30228077M , y cuyos datos de contacto son: +34 654 05 74 74<br \/>Direcci\u00f3n:<br \/>Email de contacto: tratandoeldolor@gmail.com<br \/>\u200b<br \/><strong>II. T\u00c9RMINOS Y CONDICIONES GENERALES DE USO<\/strong><\/h4><h5><strong>El objeto de las condiciones: El Sitio Web<\/strong><\/h5><h5>El objeto de las presentes Condiciones Generales de Uso (en adelante, Condiciones) es regular el acceso y la utilizaci\u00f3n del Sitio Web. A los efectos de las presentes Condiciones se entender\u00e1 como Sitio Web: la apariencia externa de los interfaces de pantalla, tanto de forma est\u00e1tica como de forma din\u00e1mica, es decir, el \u00e1rbol de navegaci\u00f3n; y todos los elementos integrados tanto en los interfaces de pantalla como en el \u00e1rbol de navegaci\u00f3n (en adelante, Contenidos) y todos aquellos servicios o recursos en l\u00ednea que en su caso ofrezca a los Usuarios (en adelante, Servicios).<br \/>tratandoeldolor.com se reserva la facultad de modificar, en cualquier momento, y sin aviso previo, la presentaci\u00f3n y configuraci\u00f3n del Sitio Web y de los Contenidos y Servicios que en \u00e9l pudieran estar incorporados. El Usuario reconoce y acepta que en cualquier momento SaludeFormaConsciente.com pueda interrumpir, desactivar y\/o cancelar cualquiera de estos elementos que se integran en el Sitio Web o el acceso a los mismos.<br \/>El acceso al Sitio Web por el Usuario tiene car\u00e1cter libre y, por regla general, es gratuito sin que el Usuario tenga que proporcionar una contraprestaci\u00f3n para poder disfrutar de ello, salvo en lo relativo al coste de conexi\u00f3n a trav\u00e9s de la red de telecomunicaciones suministrada por el proveedor de acceso que hubiere contratado el Usuario.<br \/>La utilizaci\u00f3n de alguno de los Contenidos o Servicios del Sitio Web podr\u00e1 hacerse mediante la suscripci\u00f3n o registro previo del Usuario.<\/h5><h5><strong>El Usuario<\/strong><\/h5><h4>El acceso, la navegaci\u00f3n y uso del Sitio Web, as\u00ed como por los espacios habilitados para interactuar entre los Usuarios, y el Usuario y tratandoeldolor.com, como los comentarios y\/o espacios de blogging, confiere la condici\u00f3n de Usuario, por lo que se aceptan, desde que se inicia la navegaci\u00f3n por el Sitio Web, todas las Condiciones aqu\u00ed establecidas, as\u00ed como sus ulteriores modificaciones, sin perjuicio de la aplicaci\u00f3n de la correspondiente normativa legal de obligado cumplimiento seg\u00fan el caso. Dada la relevancia de lo anterior, se recomienda al Usuario leerlas cada vez que visite el Sitio Web.<br \/>El Sitio Web de tratandoeldolor.com proporciona gran diversidad de informaci\u00f3n, servicios y datos. El Usuario asume su responsabilidad para realizar un uso correcto del Sitio Web. Esta responsabilidad se extender\u00e1 a:<br \/>Un uso de la informaci\u00f3n, Contenidos y\/o Servicios y datos ofrecidos por SaludeFormaConsciente.com sin que sea contrario a lo dispuesto por las presentes Condiciones, la Ley, la moral o el orden p\u00fablico, o que de cualquier otro modo puedan suponer lesi\u00f3n de los derechos de terceros o del mismo funcionamiento del Sitio Web.<br \/>La veracidad y licitud de las informaciones aportadas por el Usuario en los formularios extendidos por tratandoeldolor.com para el acceso a ciertos Contenidos o Servicios ofrecidos por el Sitio Web. En todo caso, el Usuario notificar\u00e1 de forma inmediata a tratandoeldolor.com acerca de cualquier hecho que permita el uso indebido de la informaci\u00f3n registrada en dichos formularios, tales como, pero no s\u00f3lo, el robo, extrav\u00edo, o el acceso no autorizado a identificadores y\/o contrase\u00f1as, con el fin de proceder a su inmediata cancelaci\u00f3n.<br \/>En cualquier caso, tratandoeldolor.com no ser\u00e1 responsable de las opiniones vertidas por los Usuarios a trav\u00e9s de comentarios u otras herramientas de blogging o de participaci\u00f3n que pueda haber.<br \/>El mero acceso a este Sitio Web no supone entablar ning\u00fan tipo de relaci\u00f3n de car\u00e1cter comercial entre tratamientodolorysalud.com y el Usuario.<br \/>El Usuario declara ser mayor de edad y disponer de la capacidad jur\u00eddica suficiente para vincularse por las presentes Condiciones. Por lo tanto, este Sitio Web de tratandoeldolor.com no se dirige a menores de edad. tratandoeldolor.com declina cualquier responsabilidad por el incumplimiento de este requisito.<br \/>El Sitio Web est\u00e1 dirigido principalmente a Usuarios residentes en Espa\u00f1a. tratamientodolorysalud.com no asegura que el Sitio Web cumpla con legislaciones de otros pa\u00edses, ya sea total o parcialmente. Si el Usuario reside o tiene su domiciliado en otro lugar y decide acceder y\/o navegar en el Sitio Web lo har\u00e1 bajo su propia responsabilidad, deber\u00e1 asegurarse de que tal acceso y navegaci\u00f3n cumple con la legislaci\u00f3n local que le es aplicable, no asumiendo tratandoeldolor.com responsabilidad alguna que se pueda derivar de dicho acceso.<br \/>\u200b<br \/><strong>III. ACCESO Y NAVEGACI\u00d3N EN EL SITIO WEB: EXCLUSI\u00d3N DE GARANT\u00cdAS Y RESPONSABILIDAD<\/strong><\/h4><h4>tratamientodolorysalud.com no garantiza la continuidad, disponibilidad y utilidad del Sitio Web, ni de los Contenidos o Servicios. tratandoeldolor.com har\u00e1 todo lo posible por el buen funcionamiento del Sitio Web, sin embargo, no se responsabiliza ni garantiza que el acceso a este Sitio Web no vaya a ser ininterrumpido o que est\u00e9 libre de error.<br \/>Tampoco se responsabiliza o garantiza que el contenido o software al que pueda accederse a trav\u00e9s de este Sitio Web, est\u00e9 libre de error o cause un da\u00f1o al sistema inform\u00e1tico (software y hardware) del Usuario. En ning\u00fan caso tratamientodolorysalud.com ser\u00e1 responsable por las p\u00e9rdidas, da\u00f1os o perjuicios de cualquier tipo que surjan por el acceso, navegaci\u00f3n y el uso del Sitio Web, incluy\u00e9ndose, pero no limit\u00e1ndose, a los ocasionados a los sistemas inform\u00e1ticos o los provocados por la introducci\u00f3n de virus.<br \/>tratandoledolor.com tampoco se hace responsable de los da\u00f1os que pudiesen ocasionarse a los usuarios por un uso inadecuado de este Sitio Web. En particular, no se hace responsable en modo alguno de las ca\u00eddas, interrupciones, falta o defecto de las telecomunicaciones que pudieran ocurrir.<br \/>\u200b<br \/><strong>IV. POL\u00cdTICA DE ENLACES<\/strong><\/h4><h4>tratamientodolorysalud.com no ofrece ni comercializa por s\u00ed ni por medio de terceros los productos y\/o servicios disponibles en dichos sitios enlazados.<br \/>El Usuario o tercero que realice un hiperv\u00ednculo desde una p\u00e1gina web de otro, distinto, sitio web al Sitio Web de tratamientodolorysalud.com deber\u00e1 saber que:<br \/>No se permite la reproducci\u00f3n \u2014total o parcialmente\u2014 de ninguno de los Contenidos y\/o Servicios del Sitio Web sin autorizaci\u00f3n expresa de tratandoeldolor.com.<br \/>No se permite tampoco ninguna manifestaci\u00f3n falsa, inexacta o incorrecta sobre el Sitio Web de tratandoeldolor.com, ni sobre los Contenidos y\/o Servicios del mismo.<br \/>A excepci\u00f3n del hiperv\u00ednculo, el sitio web en el que se establezca dicho hiperenlace no contendr\u00e1 ning\u00fan elemento, de este Sitio Web, protegido como propiedad intelectual por el ordenamiento jur\u00eddico espa\u00f1ol, salvo autorizaci\u00f3n expresa de tratandoeldolor.com.<br \/>El establecimiento del hiperv\u00ednculo no implicar\u00e1 la existencia de relaciones entre trantadoeldolor.com y el titular del sitio web desde el cual se realice, ni el conocimiento y aceptaci\u00f3n de tratamientodolorysalud.com de los contenidos, servicios y\/o actividades ofrecidos en dicho sitio web, y viceversa.<br \/>\u200b<br \/><strong>V. PROPIEDAD INTELECTUAL E INDUSTRIAL<\/strong><\/h4><h4>tratandoeldolor.com por s\u00ed o como parte cesionaria, es titular de todos los derechos de propiedad intelectual e industrial del Sitio Web, as\u00ed como de los elementos contenidos en el mismo (a t\u00edtulo enunciativo y no exhaustivo, im\u00e1genes, sonido, audio, v\u00eddeo, software o textos, marcas o logotipos, combinaciones de colores, estructura y dise\u00f1o, selecci\u00f3n de materiales usados, programas de ordenador necesarios para su funcionamiento, acceso y uso, etc.). Ser\u00e1n, por consiguiente, obras protegidas como propiedad intelectual por el ordenamiento jur\u00eddico espa\u00f1ol, si\u00e9ndoles aplicables tanto la normativa espa\u00f1ola y comunitaria en este campo, como los tratados internacionales relativos a la materia y suscritos por Espa\u00f1a.<br \/>Todos los derechos reservados. En virtud de lo dispuesto en la Ley de Propiedad Intelectual, quedan expresamente prohibidas la reproducci\u00f3n, la distribuci\u00f3n y la comunicaci\u00f3n p\u00fablica, incluida su modalidad de puesta a disposici\u00f3n, de la totalidad o parte de los contenidos de esta p\u00e1gina web, con fines comerciales, en cualquier soporte y por cualquier medio t\u00e9cnico, sin la autorizaci\u00f3n de tratandoeldolor.com.<br \/>El Usuario se compromete a respetar los derechos de propiedad intelectual e industrial de tratandoeldolor.com. Podr\u00e1 visualizar los elementos del Sitio Web o incluso imprimirlos, copiarlos y almacenarlos en el disco duro de su ordenador o en cualquier otro soporte f\u00edsico siempre y cuando sea, exclusivamente, para su uso personal. El Usuario, sin embargo, no podr\u00e1 suprimir, alterar, o manipular cualquier dispositivo de protecci\u00f3n o sistema de seguridad que estuviera instalado en el Sitio Web.<br \/>En caso de que el Usuario o tercero considere que cualquiera de los Contenidos del Sitio Web suponga una violaci\u00f3n de los derechos de protecci\u00f3n de la propiedad intelectual, deber\u00e1 comunicarlo inmediatamente a tratandoeldolor.com a trav\u00e9s de los datos de contacto del apartado de INFORMACI\u00d3N GENERAL de este Aviso Legal y Condiciones Generales de Uso.<br \/>\u200b<br \/><strong>VI. ACCIONES LEGALES, LEGISLACI\u00d3N APLICABLE Y JURISDICCI\u00d3N<\/strong><\/h4><h5>tratandoeldolor.com se reserva la facultad de presentar las acciones civiles o penales que considere necesarias por la utilizaci\u00f3n indebida del Sitio Web y Contenidos, o por el incumplimiento de las presentes Condiciones.<br \/>La relaci\u00f3n entre el Usuario y tratandoeldolor.com se regir\u00e1 por la normativa vigente y de aplicaci\u00f3n en el territorio espa\u00f1ol. De surgir cualquier controversia en relaci\u00f3n con la interpretaci\u00f3n y\/o a la aplicaci\u00f3n de estas Condiciones las partes someter\u00e1n sus conflictos a la jurisdicci\u00f3n ordinaria someti\u00e9ndose a los jueces y tribunales que correspondan conforme a derecho.<\/h5>\t\t\t\t\t\t\t\t<\/div>\n\t\t\t\t<\/div>\n\t\t\t\t\t<\/div>\n\t\t<\/div>\n\t\t\t\t\t<\/div>\n\t\t<\/section>\n\t\t\t\t<\/div>\n\t\t","protected":false},"excerpt":{"rendered":"<p>Identidad y titular de la web:\u00a0 www.tratandoeldolor.comResponsable, autora y propietaria: \u00c1ngela Sierra C\u00e1rdenasNombre comercial: Tratando el dolorNIF\/CIF: 30228077MCorreo electr\u00f3nico: tratandoeldolor@gmail.com AVISO LEGAL I. INFORMACI\u00d3N GENERAL En cumplimiento con el deber&hellip;<\/p>\n","protected":false},"author":1,"featured_media":0,"parent":0,"menu_order":0,"comment_status":"closed","ping_status":"closed","template":"","meta":{"footnotes":""},"class_list":["post-24131","page","type-page","status-publish","hentry"],"_links":{"self":[{"href":"https:\/\/ycpcreativos.com\/angelasierra\/wp-json\/wp\/v2\/pages\/24131","targetHints":{"allow":["GET"]}}],"collection":[{"href":"https:\/\/ycpcreativos.com\/angelasierra\/wp-json\/wp\/v2\/pages"}],"about":[{"href":"https:\/\/ycpcreativos.com\/angelasierra\/wp-json\/wp\/v2\/types\/page"}],"author":[{"embeddable":true,"href":"https:\/\/ycpcreativos.com\/angelasierra\/wp-json\/wp\/v2\/users\/1"}],"replies":[{"embeddable":true,"href":"https:\/\/ycpcreativos.com\/angelasierra\/wp-json\/wp\/v2\/comments?post=24131"}],"version-history":[{"count":4,"href":"https:\/\/ycpcreativos.com\/angelasierra\/wp-json\/wp\/v2\/pages\/24131\/revisions"}],"predecessor-version":[{"id":28615,"href":"https:\/\/ycpcreativos.com\/angelasierra\/wp-json\/wp\/v2\/pages\/24131\/revisions\/28615"}],"wp:attachment":[{"href":"https:\/\/ycpcreativos.com\/angelasierra\/wp-json\/wp\/v2\/media?parent=24131"}],"curies":[{"name":"wp","href":"https:\/\/api.w.org\/{rel}","templated":true}]}}