{"id":28263,"date":"2026-01-28T13:06:53","date_gmt":"2026-01-28T12:06:53","guid":{"rendered":"https:\/\/ycpcreativos.com\/angelasierra\/?page_id=28263"},"modified":"2026-02-13T12:58:19","modified_gmt":"2026-02-13T11:58:19","slug":"contacto","status":"publish","type":"page","link":"https:\/\/ycpcreativos.com\/angelasierra\/contacto\/","title":{"rendered":"Contacto"},"content":{"rendered":"\t\t<div data-elementor-type=\"wp-page\" data-elementor-id=\"28263\" class=\"elementor elementor-28263\">\n\t\t\t\t\t\t<section class=\"elementor-section elementor-top-section elementor-element elementor-element-1acd07b elementor-section-boxed elementor-section-height-default elementor-section-height-default sc_fly_static\" data-id=\"1acd07b\" data-element_type=\"section\" data-settings=\"{&quot;background_background&quot;:&quot;classic&quot;}\">\n\t\t\t\t\t\t<div class=\"elementor-container elementor-column-gap-extended\">\n\t\t\t\t\t<div class=\"elementor-column elementor-col-100 elementor-top-column elementor-element elementor-element-0f39d88 sc_content_align_inherit sc_layouts_column_icons_position_left sc_fly_static\" data-id=\"0f39d88\" data-element_type=\"column\">\n\t\t\t<div class=\"elementor-widget-wrap elementor-element-populated\">\n\t\t\t\t\t\t<div class=\"elementor-element elementor-element-2a89601 sc_height_huge sc_fly_static elementor-widget elementor-widget-spacer\" data-id=\"2a89601\" data-element_type=\"widget\" data-widget_type=\"spacer.default\">\n\t\t\t\t<div class=\"elementor-widget-container\">\n\t\t\t\t\t\t\t<div class=\"elementor-spacer\">\n\t\t\t<div class=\"elementor-spacer-inner\"><\/div>\n\t\t<\/div>\n\t\t\t\t\t\t<\/div>\n\t\t\t\t<\/div>\n\t\t\t\t<div class=\"elementor-element elementor-element-0edf418 sc_fly_static elementor-widget elementor-widget-spacer\" data-id=\"0edf418\" data-element_type=\"widget\" data-widget_type=\"spacer.default\">\n\t\t\t\t<div class=\"elementor-widget-container\">\n\t\t\t\t\t\t\t<div class=\"elementor-spacer\">\n\t\t\t<div class=\"elementor-spacer-inner\"><\/div>\n\t\t<\/div>\n\t\t\t\t\t\t<\/div>\n\t\t\t\t<\/div>\n\t\t\t\t<section class=\"elementor-section elementor-inner-section elementor-element elementor-element-6cc56f6 elementor-section-boxed elementor-section-height-default elementor-section-height-default sc_fly_static\" data-id=\"6cc56f6\" data-element_type=\"section\">\n\t\t\t\t\t\t<div class=\"elementor-container elementor-column-gap-no\">\n\t\t\t\t\t<div class=\"elementor-column elementor-col-50 elementor-inner-column elementor-element elementor-element-e20bfb9 sc_content_align_inherit sc_layouts_column_icons_position_left sc_fly_static\" data-id=\"e20bfb9\" data-element_type=\"column\">\n\t\t\t<div class=\"elementor-widget-wrap elementor-element-populated\">\n\t\t\t\t\t\t<div data-animation-type=\"block\" class=\"elementor-element elementor-element-3171471 animation_type_block sc_fly_static elementor-invisible elementor-widget elementor-widget-trx_sc_title\" data-id=\"3171471\" data-element_type=\"widget\" data-settings=\"{&quot;_animation&quot;:&quot;advice-fadeinup&quot;}\" data-widget_type=\"trx_sc_title.default\">\n\t\t\t\t<div class=\"elementor-widget-container\">\n\t\t\t\t\t<div\t\tclass=\"sc_title sc_title_default\" ><span class=\"sc_item_subtitle sc_title_subtitle sc_item_subtitle_above sc_item_title_style_default sc_item_subtitle_with_custom_color trx_addons_inline_1399157738\">Contacta conmigo<\/span><h1 class=\"sc_item_title sc_title_title sc_item_title_style_default sc_item_title_tag trx_addons_inline_1381926879\"\n\t\t\t><span class=\"sc_item_title_text\">Estar\u00e9 encantada de conocerte<\/span><\/h1><div class=\"sc_item_descr sc_title_descr\"><p>Si tienes dudas o quieres solicitar m\u00e1s informaci\u00f3n, escr\u00edbeme a:<\/p>\n<\/div><\/div>\t\t\t\t<\/div>\n\t\t\t\t<\/div>\n\t\t\t\t<div class=\"elementor-element elementor-element-786e446 sc_height_small sc_fly_static elementor-widget elementor-widget-spacer\" data-id=\"786e446\" data-element_type=\"widget\" data-widget_type=\"spacer.default\">\n\t\t\t\t<div class=\"elementor-widget-container\">\n\t\t\t\t\t\t\t<div class=\"elementor-spacer\">\n\t\t\t<div class=\"elementor-spacer-inner\"><\/div>\n\t\t<\/div>\n\t\t\t\t\t\t<\/div>\n\t\t\t\t<\/div>\n\t\t\t\t<div data-animation-type=\"block\" class=\"elementor-element elementor-element-83462b6 elementor-widget__width-inherit animation_type_block sc_fly_static elementor-invisible elementor-widget elementor-widget-heading\" data-id=\"83462b6\" data-element_type=\"widget\" data-settings=\"{&quot;_animation&quot;:&quot;advice-fadeinup&quot;,&quot;_animation_delay&quot;:150}\" data-widget_type=\"heading.default\">\n\t\t\t\t<div class=\"elementor-widget-container\">\n\t\t\t\t\t<h5 class=\"elementor-heading-title elementor-size-default\"><a href=\"mailto:hola@tratandoeldolor.com\">hola@tratandoeldolor.com<\/a><\/h5>\t\t\t\t<\/div>\n\t\t\t\t<\/div>\n\t\t\t\t<div class=\"elementor-element elementor-element-9742cc4 sc_height_small sc_fly_static elementor-widget elementor-widget-spacer\" data-id=\"9742cc4\" data-element_type=\"widget\" data-widget_type=\"spacer.default\">\n\t\t\t\t<div class=\"elementor-widget-container\">\n\t\t\t\t\t\t\t<div class=\"elementor-spacer\">\n\t\t\t<div class=\"elementor-spacer-inner\"><\/div>\n\t\t<\/div>\n\t\t\t\t\t\t<\/div>\n\t\t\t\t<\/div>\n\t\t\t\t<div class=\"elementor-element elementor-element-615a3e3 sc_fly_static elementor-widget elementor-widget-text-editor\" data-id=\"615a3e3\" data-element_type=\"widget\" data-widget_type=\"text-editor.default\">\n\t\t\t\t<div class=\"elementor-widget-container\">\n\t\t\t\t\t\t\t\t\t<p>Si quieres compartirme tu caso personal o saber si realmente puedo ayudarte, rellena el siguiente formulario y me pondr\u00e9 en contacto contigo personalmente.<\/p>\t\t\t\t\t\t\t\t<\/div>\n\t\t\t\t<\/div>\n\t\t\t\t<div class=\"elementor-element elementor-element-293f9dc sc_height_small sc_fly_static elementor-widget elementor-widget-spacer\" data-id=\"293f9dc\" data-element_type=\"widget\" data-widget_type=\"spacer.default\">\n\t\t\t\t<div class=\"elementor-widget-container\">\n\t\t\t\t\t\t\t<div class=\"elementor-spacer\">\n\t\t\t<div class=\"elementor-spacer-inner\"><\/div>\n\t\t<\/div>\n\t\t\t\t\t\t<\/div>\n\t\t\t\t<\/div>\n\t\t\t\t<div data-animation-type=\"block\" class=\"elementor-element elementor-element-050f003 animation_type_block sc_fly_static elementor-invisible elementor-widget elementor-widget-trx_sc_button\" data-id=\"050f003\" data-element_type=\"widget\" data-settings=\"{&quot;_animation&quot;:&quot;advice-fadeinup&quot;,&quot;_animation_delay&quot;:200}\" data-widget_type=\"trx_sc_button.default\">\n\t\t\t\t<div class=\"elementor-widget-container\">\n\t\t\t\t\t<div\tclass=\"sc_item_button sc_button_wrap sc_align_center\" ><a href=\"https:\/\/docs.google.com\/forms\/d\/e\/1FAIpQLSf6FgV7iweotzDNx4GWJft3JL1hprxQBqK49K84E59pRnRtoA\/viewform\" class=\"sc_button sc_button_bordered sc_button_size_normal sc_button_with_icon sc_button_icon_left color_style_dark\" ><span class=\"sc_button_icon\"><span class=\"icon-path-6192\"><\/span><\/span><span class=\"sc_button_text\"><span class=\"sc_button_title\">Cu\u00e9ntame tu caso<\/span><\/span><\/a><\/div>\t\t\t\t<\/div>\n\t\t\t\t<\/div>\n\t\t\t\t\t<\/div>\n\t\t<\/div>\n\t\t\t\t<div class=\"elementor-column elementor-col-50 elementor-inner-column elementor-element elementor-element-d5207be sc_content_align_inherit sc_layouts_column_icons_position_left sc_fly_static\" data-id=\"d5207be\" data-element_type=\"column\">\n\t\t\t<div class=\"elementor-widget-wrap elementor-element-populated\">\n\t\t\t\t\t\t<div data-animation-type=\"block\" class=\"elementor-element elementor-element-fec548f animation_type_block sc_fly_static elementor-invisible elementor-widget elementor-widget-image\" data-id=\"fec548f\" data-element_type=\"widget\" data-settings=\"{&quot;_animation&quot;:&quot;advice-fadeinup&quot;}\" data-widget_type=\"image.default\">\n\t\t\t\t<div class=\"elementor-widget-container\">\n\t\t\t\t\t\t\t\t\t\t\t\t\t\t\t<img fetchpriority=\"high\" decoding=\"async\" width=\"687\" height=\"720\" src=\"https:\/\/ycpcreativos.com\/angelasierra\/wp-content\/uploads\/2026\/02\/Angela-Sierra-Sobre-mi-movil-1-e1770290425740.jpg\" class=\"attachment-full size-full wp-image-28451\" alt=\"\" srcset=\"https:\/\/ycpcreativos.com\/angelasierra\/wp-content\/uploads\/2026\/02\/Angela-Sierra-Sobre-mi-movil-1-e1770290425740.jpg 687w, https:\/\/ycpcreativos.com\/angelasierra\/wp-content\/uploads\/2026\/02\/Angela-Sierra-Sobre-mi-movil-1-e1770290425740-286x300.jpg 286w, https:\/\/ycpcreativos.com\/angelasierra\/wp-content\/uploads\/2026\/02\/Angela-Sierra-Sobre-mi-movil-1-e1770290425740-370x388.jpg 370w, https:\/\/ycpcreativos.com\/angelasierra\/wp-content\/uploads\/2026\/02\/Angela-Sierra-Sobre-mi-movil-1-e1770290425740-410x430.jpg 410w, https:\/\/ycpcreativos.com\/angelasierra\/wp-content\/uploads\/2026\/02\/Angela-Sierra-Sobre-mi-movil-1-e1770290425740-600x629.jpg 600w\" sizes=\"(max-width: 687px) 100vw, 687px\" \/>\t\t\t\t\t\t\t\t\t\t\t\t\t\t\t<\/div>\n\t\t\t\t<\/div>\n\t\t\t\t\t<\/div>\n\t\t<\/div>\n\t\t\t\t\t<\/div>\n\t\t<\/section>\n\t\t\t\t<div class=\"elementor-element elementor-element-d2c65a6 sc_height_huge sc_fly_static elementor-widget elementor-widget-spacer\" data-id=\"d2c65a6\" data-element_type=\"widget\" data-widget_type=\"spacer.default\">\n\t\t\t\t<div class=\"elementor-widget-container\">\n\t\t\t\t\t\t\t<div class=\"elementor-spacer\">\n\t\t\t<div class=\"elementor-spacer-inner\"><\/div>\n\t\t<\/div>\n\t\t\t\t\t\t<\/div>\n\t\t\t\t<\/div>\n\t\t\t\t<div class=\"elementor-element elementor-element-1b4be78 sc_height_huge sc_fly_static elementor-widget elementor-widget-spacer\" data-id=\"1b4be78\" data-element_type=\"widget\" data-widget_type=\"spacer.default\">\n\t\t\t\t<div class=\"elementor-widget-container\">\n\t\t\t\t\t\t\t<div class=\"elementor-spacer\">\n\t\t\t<div class=\"elementor-spacer-inner\"><\/div>\n\t\t<\/div>\n\t\t\t\t\t\t<\/div>\n\t\t\t\t<\/div>\n\t\t\t\t\t<\/div>\n\t\t<\/div>\n\t\t\t\t\t<\/div>\n\t\t<\/section>\n\t\t\t\t<\/div>\n\t\t","protected":false},"excerpt":{"rendered":"<p>Contacta conmigo Estar\u00e9 encantada de conocerte Si tienes dudas o quieres solicitar m\u00e1s informaci\u00f3n, escr\u00edbeme a: hola@tratandoeldolor.com Si quieres compartirme tu caso personal o saber si realmente puedo ayudarte, rellena&hellip;<\/p>\n","protected":false},"author":1,"featured_media":0,"parent":0,"menu_order":0,"comment_status":"closed","ping_status":"closed","template":"","meta":{"footnotes":""},"class_list":["post-28263","page","type-page","status-publish","hentry"],"_links":{"self":[{"href":"https:\/\/ycpcreativos.com\/angelasierra\/wp-json\/wp\/v2\/pages\/28263","targetHints":{"allow":["GET"]}}],"collection":[{"href":"https:\/\/ycpcreativos.com\/angelasierra\/wp-json\/wp\/v2\/pages"}],"about":[{"href":"https:\/\/ycpcreativos.com\/angelasierra\/wp-json\/wp\/v2\/types\/page"}],"author":[{"embeddable":true,"href":"https:\/\/ycpcreativos.com\/angelasierra\/wp-json\/wp\/v2\/users\/1"}],"replies":[{"embeddable":true,"href":"https:\/\/ycpcreativos.com\/angelasierra\/wp-json\/wp\/v2\/comments?post=28263"}],"version-history":[{"count":16,"href":"https:\/\/ycpcreativos.com\/angelasierra\/wp-json\/wp\/v2\/pages\/28263\/revisions"}],"predecessor-version":[{"id":28710,"href":"https:\/\/ycpcreativos.com\/angelasierra\/wp-json\/wp\/v2\/pages\/28263\/revisions\/28710"}],"wp:attachment":[{"href":"https:\/\/ycpcreativos.com\/angelasierra\/wp-json\/wp\/v2\/media?parent=28263"}],"curies":[{"name":"wp","href":"https:\/\/api.w.org\/{rel}","templated":true}]}}