{"id":28621,"date":"2026-02-06T13:18:30","date_gmt":"2026-02-06T12:18:30","guid":{"rendered":"https:\/\/ycpcreativos.com\/angelasierra\/?page_id=28621"},"modified":"2026-02-06T13:20:32","modified_gmt":"2026-02-06T12:20:32","slug":"politica-de-cookies","status":"publish","type":"page","link":"https:\/\/ycpcreativos.com\/angelasierra\/politica-de-cookies\/","title":{"rendered":"Pol\u00edtica de Cookies"},"content":{"rendered":"\t\t<div data-elementor-type=\"wp-page\" data-elementor-id=\"28621\" class=\"elementor elementor-28621\">\n\t\t\t\t\t\t<section class=\"elementor-section elementor-top-section elementor-element elementor-element-138fb98d elementor-section-boxed elementor-section-height-default elementor-section-height-default sc_fly_static\" data-id=\"138fb98d\" data-element_type=\"section\" data-settings=\"{&quot;background_background&quot;:&quot;classic&quot;}\">\n\t\t\t\t\t\t<div class=\"elementor-container elementor-column-gap-extended\">\n\t\t\t\t\t<div class=\"elementor-column elementor-col-100 elementor-top-column elementor-element elementor-element-33ec3f6c sc_content_align_inherit sc_layouts_column_icons_position_left sc_fly_static\" data-id=\"33ec3f6c\" data-element_type=\"column\">\n\t\t\t<div class=\"elementor-widget-wrap elementor-element-populated\">\n\t\t\t\t\t\t<div class=\"elementor-element elementor-element-1eb44083 sc_fly_static elementor-widget elementor-widget-text-editor\" data-id=\"1eb44083\" data-element_type=\"widget\" data-widget_type=\"text-editor.default\">\n\t\t\t\t<div class=\"elementor-widget-container\">\n\t\t\t\t\t\t\t\t\t<h3>Informaci\u00f3n sobre Cookies<\/h3><h4><strong>\u00bfQu\u00e9 es una cookie?<\/strong><\/h4><h5>Una Cookie es un peque\u00f1o fichero de texto que un sitio web coloca en su PC, tele\u0301fono o cualquier otro dispositivo, con informacio\u0301n sobre su navegacio\u0301n en dicho sitio. Las Cookies son necesarias para facilitar la navegacio\u0301n y hacerla ma\u0301s amigable, y no dan\u0303an su ordenador.<br \/>Si bien en la presente poli\u0301tica se utiliza el te\u0301rmino general de \u201cCookie\u201d, pues es el principal me\u0301todo de almacenamiento de informacio\u0301n que utiliza este sitio web, tambie\u0301n es utilizado el espacio de \u201cAlmacenamiento local\u201d del navegador para los mismos propo\u0301sitos que las Cookies. En este sentido, toda la informacio\u0301n incluida en esta seccio\u0301n es aplicable igualmente a este \u201cAlmacenamiento local\u201d.<\/h5><h4><strong>\u00bfPara que\u0301 se utilizan las Cookies en este sitio web?<\/strong><\/h4><h5>Las Cookies son una parte esencial de co\u0301mo funciona nuestro sitio web. El objetivo principal de nuestras Cookies es mejorar su experiencia en la navegacio\u0301n. Por ejemplo, son utilizadas para recordar sus preferencias (idioma, pai\u0301s, etc.) durante la navegacio\u0301n y en futuras visitas.<br \/>La informacio\u0301n recogida en las Cookies nos permite, adema\u0301s, mejorar la web mediante estimaciones sobre nu\u0301meros y patrones de uso, la adaptacio\u0301n del sitio web a los intereses individuales de los usuarios, la aceleracio\u0301n de las bu\u0301squedas, etc.<br \/>En ocasiones, si hemos obtenido su previo consentimiento informado, podremos utilizar Cookies, tags u otros dispositivos similares para obtener informacio\u0301n que nos permita mostrarle desde nuestro sitio web, los de terceros, o cualquier otro medio o publicidad basada en el ana\u0301lisis de sus ha\u0301bitos de navegacio\u0301n.<\/h5><h4><strong>\u00bfPara que\u0301 NO se utilizan las Cookies en esta web?<\/strong><\/h4><h5>Nosotros no almacenamos informacio\u0301n sensible de identificacio\u0301n personal como su direccio\u0301n, su contrasen\u0303a, los datos de su tarjeta de cre\u0301dito o de\u0301bito, etc., en las Cookies que utilizamos.<\/h5><h4><strong>\u00bfQuie\u0301n utiliza la informacio\u0301n almacenada en las Cookies?<\/strong><\/h4><h5>La informacio\u0301n almacenada en las Cookies de nuestro sitio web es utilizada exclusivamente por nosotros, a excepcio\u0301n de aquellas identificadas ma\u0301s adelante como \u201cCookies de terceros\u201d, que son utilizadas y gestionadas por entidades externas para proporcionarnos servicios solicitados por nosotros para mejorar nuestros servicios y la experiencia del usuario al navegar en nuestro sitio web. Los principales servicios para los que se utilizan estas \u201cCookies de terceros\u201d son la obtencio\u0301n de estadi\u0301sticas de accesos y garantizar las operaciones de pago realizadas.<\/h5><h4><strong>\u00bfCo\u0301mo puedo evitar el uso de Cookies en este sitio web?<\/strong><\/h4><h5>Si usted prefiere evitar el uso de Cookies en esta pa\u0301gina teniendo en cuenta las limitaciones anteriores debe, en primer lugar, deshabilitar en su navegador el uso de Cookies y, en segundo lugar, eliminar las Cookies guardadas en su navegador asociadas a este sitio web.<br \/>Esta posibilidad de evitar el uso de Cookies puede ser llevada a cabo por usted en cualquier momento.<\/h5><h4><strong>\u00bfCo\u0301mo deshabilito y elimino la utilizacio\u0301n de Cookies?<\/strong><\/h4><h5>Para restringir, bloquear o borrar las Cookies de este sitio web puede hacerlo, en cualquier momento, modificando la configuracio\u0301n de su navegador conforme a las pautas que se indican a continuacio\u0301n. Si bien la parametrizacio\u0301n de cada navegador es diferente, es habitual que la configuracio\u0301n de las Cookies se realice en el menu\u0301 de \u201cPreferencias\u201d o \u201cHerramientas\u201d. Para ma\u0301s detalle sobre la configuracio\u0301n de las Cookies en su navegador, consulte el menu\u0301 &#8220;Ayuda&#8221; del mismo.<\/h5><h4><strong>\u00bfQue\u0301 Cookies concretas utiliza este sitio web y para que\u0301 finalidades?<\/strong><\/h4><h5>A continuacio\u0301n se hace una referencia con las Cookies, tags u otros dispositivos similares utilizados por este sitio web, junto con la informacio\u0301n sobre su propo\u0301sito (propia o por terceros) de cada uno de ellos.<\/h5><h5><strong>PROPIAS<\/strong><br \/>Identificaci\u00f3n del usuario<br \/>Identificaci\u00f3n de la sesi\u00f3n<br \/>Estado de navegaci\u00f3n<br \/>Selecciones del usuario, por ejemplo, pa\u00eds e idioma<br \/>Favoritos<br \/>Cesta de la compra<br \/>Protocolos, para gestionar los dominios<\/h5><h5><strong>TERCEROS<\/strong><br \/>Google \u2013 Se utiliza con fines de publicidad y para conocer los h\u00e1bitos de navegaci\u00f3n en cada sesi\u00f3n<br \/>Facebook \u2013 Se utiliza con fines de publicidad<\/h5><h5><strong>AVISO DE COOKIES<\/strong><br \/>Utilizamos cookies propias y de terceros con finalidades anal\u00edticas y para mostrarte publicidad relacionada con sus preferencias a partir de sus h\u00e1bitos de navegaci\u00f3n y tu perfil. Puedes aceptar todas las cookies pulsando el bot\u00f3n \u201cAceptar todas las cookies\u201d. Para m\u00e1s informaci\u00f3n puedes visitar nuestra Pol\u00edtica de cookies<\/h5>\t\t\t\t\t\t\t\t<\/div>\n\t\t\t\t<\/div>\n\t\t\t\t\t<\/div>\n\t\t<\/div>\n\t\t\t\t\t<\/div>\n\t\t<\/section>\n\t\t\t\t<\/div>\n\t\t","protected":false},"excerpt":{"rendered":"<p>Informaci\u00f3n sobre Cookies \u00bfQu\u00e9 es una cookie? Una Cookie es un peque\u00f1o fichero de texto que un sitio web coloca en su PC, tele\u0301fono o cualquier otro dispositivo, con informacio\u0301n&hellip;<\/p>\n","protected":false},"author":1,"featured_media":0,"parent":0,"menu_order":0,"comment_status":"closed","ping_status":"closed","template":"","meta":{"footnotes":""},"class_list":["post-28621","page","type-page","status-publish","hentry"],"_links":{"self":[{"href":"https:\/\/ycpcreativos.com\/angelasierra\/wp-json\/wp\/v2\/pages\/28621","targetHints":{"allow":["GET"]}}],"collection":[{"href":"https:\/\/ycpcreativos.com\/angelasierra\/wp-json\/wp\/v2\/pages"}],"about":[{"href":"https:\/\/ycpcreativos.com\/angelasierra\/wp-json\/wp\/v2\/types\/page"}],"author":[{"embeddable":true,"href":"https:\/\/ycpcreativos.com\/angelasierra\/wp-json\/wp\/v2\/users\/1"}],"replies":[{"embeddable":true,"href":"https:\/\/ycpcreativos.com\/angelasierra\/wp-json\/wp\/v2\/comments?post=28621"}],"version-history":[{"count":4,"href":"https:\/\/ycpcreativos.com\/angelasierra\/wp-json\/wp\/v2\/pages\/28621\/revisions"}],"predecessor-version":[{"id":28625,"href":"https:\/\/ycpcreativos.com\/angelasierra\/wp-json\/wp\/v2\/pages\/28621\/revisions\/28625"}],"wp:attachment":[{"href":"https:\/\/ycpcreativos.com\/angelasierra\/wp-json\/wp\/v2\/media?parent=28621"}],"curies":[{"name":"wp","href":"https:\/\/api.w.org\/{rel}","templated":true}]}}