{"id":2346,"date":"2020-05-12T12:03:40","date_gmt":"2020-05-12T12:03:40","guid":{"rendered":"https:\/\/ycpcreativos.com\/angelasierra\/?post_type=product&#038;p=2346"},"modified":"2026-02-11T13:42:16","modified_gmt":"2026-02-11T12:42:16","slug":"painless-work","status":"publish","type":"product","link":"https:\/\/ycpcreativos.com\/angelasierra\/product\/painless-work\/","title":{"rendered":"PainLess work"},"content":{"rendered":"<h3><strong>\u00bfPor qu\u00e9 PAINLESS WORK es necesario en tu empresa?<\/strong><\/h3>\n<p>El 80% de las bajas laborales actuales est\u00e1n relacionadas con problemas que no responden a tratamientos convencionales. La realidad es que la mayor\u00eda de estos casos NO mejoran con tratamiento f\u00edsico ni farmacol\u00f3gico, pero S\u00cd responden a intervenci\u00f3n psicoeducativa basada en neurociencia.<\/p>\n<ul>\n<li>Dolor musculoesquel\u00e9tico cr\u00f3nico: dolores de espalda, cervicales, lumbares y articulares que persisten m\u00e1s all\u00e1 de la recuperaci\u00f3n tisular normal.<\/li>\n<li>Ansiedad, estr\u00e9s y somatizaciones: s\u00edntomas f\u00edsicos derivados de estados emocionales prolongados que afectan al rendimiento diario.<\/li>\n<li>S\u00edntomas disfuncionales asociados (migra\u00f1as, digestivos, opresi\u00f3n tor\u00e1cica\u2026): migra\u00f1as, problemas digestivos, opresi\u00f3n tor\u00e1cica y otros s\u00edntomas sin causa org\u00e1nica identificable.<\/li>\n<\/ul>\n<p><strong>Painfree te permite:<\/strong><\/p>\n<ul>\n<li>Reducir el absentismo: disminuye significativamente las bajas de larga duraci\u00f3n que tanto impactan en la operativa empresarial y en los costes asociados a sustituciones temporales.<\/li>\n<li>Recuperar a trabajadores clave: evita la rotaci\u00f3n innecesaria de personal valioso y experimentado, manteniendo el conocimiento dentro de la organizaci\u00f3n.<\/li>\n<li>Mejorar el clima laboral: aumenta la percepci\u00f3n de apoyo de la empresa hacia sus empleados, generando mayor compromiso y satisfacci\u00f3n.<\/li>\n<li>Evitar costes ocultos: reduce gastos de sustituciones, bajas repetidas y sobrecarga de equipos que asumen trabajo adicional.<\/li>\n<\/ul>\n<h3><strong>\u00bfPara qu\u00e9 tipo de empresas est\u00e1 dise\u00f1ado?<\/strong><\/h3>\n<div class=\"react-renderer node-paragraph animatable-on-load animatable-on-load-annotatable block block-paragraph animate-has-animated\" data-pos=\"3268\">\n<div data-node-view-wrapper=\"\">\n<div dir=\"auto\" data-node-view-content=\"\">\n<div data-node-view-content-inner=\"paragraph\">PainLess Work es ideal para organizaciones y empresas que buscan soluciones profesionales y basadas en ciencia, no solo \u00abbienestar superficial\u00bb. Si tu empresa necesita un servicio externo especializado, este programa est\u00e1 dise\u00f1ado pensando en vosotros.<\/div>\n<\/div>\n<\/div>\n<\/div>\n<div class=\"react-renderer node-gridLayout block block-gridLayout last-block\" data-pos=\"3522\">\n<div data-node-view-wrapper=\"\">\n<div class=\"grid-col-controls css-z1fkfg\" data-selection-ring=\"true\">\n<div class=\"layout-content\" data-node-view-content=\"\">\n<div data-node-view-content-inner=\"gridLayout\">\n<div class=\"react-renderer node-gridCell animatable-on-load animate-has-animated\" data-pos=\"3523\">\n<div class=\"grid-cell\" data-selection-ring=\"true\" data-node-view-wrapper=\"\">\n<div data-node-view-content=\"\">\n<div data-node-view-content-inner=\"gridCell\">\n<div class=\"react-renderer node-heading animatable-on-load block block-heading first-block animate-has-animated\" data-pos=\"3524\">\n<div data-node-view-wrapper=\"\"><\/div>\n<div data-node-view-wrapper=\"\"><strong>Empresas que identifcan:<\/strong><\/div>\n<div data-node-view-wrapper=\"\"><\/div>\n<ul>\n<li>Trabajadores en bajas recurrentes por dolor de espalda, cervicales, migra\u00f1as, fatiga o estr\u00e9s.<\/li>\n<li>Desmotivaci\u00f3n, miedo, sobrecarga o s\u00edntomas f\u00edsicos que afectan al rendimiento.<\/li>\n<li>Necesidad de reducir el absentismo y mejorar el bienestar general.<\/li>\n<\/ul>\n<\/div>\n<\/div>\n<\/div>\n<\/div>\n<\/div>\n<\/div>\n<\/div>\n<\/div>\n<\/div>\n<\/div>\n<p><strong>Sectores donde funciona especialmente bien:<\/strong><\/p>\n<ul>\n<li>Empresas con equipos sedentarios (oficinas, teletrabajo).<\/li>\n<li>Sectores con alta carga emocional (sanitario, educaci\u00f3n, social).<\/li>\n<li>Empresas con carga f\u00edsica (log\u00edstica, industria ligera).<\/li>\n<li>Organizaciones con rotaci\u00f3n y bajas por dolor cr\u00f3nico.<\/li>\n<\/ul>\n<h3><strong>\u00bfQu\u00e9 conseguir\u00e1 tu empresa con PainLess Work?<\/strong><\/h3>\n<p><strong>Resultados para tus trabajadores<\/strong><\/p>\n<ul>\n<li>Saber qu\u00e9 pueden hacer desde la evidencia para reducir, revertir o prevenir el dolor cr\u00f3nico desde la ra\u00edz.<\/li>\n<li>Afrontamiento al movimiento y al trabajo sin miedo.<\/li>\n<li>Mejorar la energ\u00eda, la concentraci\u00f3n y la tolerancia al estr\u00e9s.<\/li>\n<li>Entender qu\u00e9 activa sus s\u00edntomas y c\u00f3mo desactivarlos.<\/li>\n<li>Recuperar estabilidad emocional.<\/li>\n<li>Disminuir el n\u00famero y tiempo de reca\u00eddas, bajas y ausencias.<\/li>\n<\/ul>\n<p><strong>Beneficios para tu empresa<\/strong><\/p>\n<ul>\n<li>Menos bajas laborales y reducci\u00f3n del absentismo.<\/li>\n<li>Menos rotaci\u00f3n y sobrecarga de tu equipo.<\/li>\n<li>Mayor rendimiento y motivaci\u00f3n.<\/li>\n<li>Equipos m\u00e1s empoderados, activos, sanos y m\u00e1s productivos.<\/li>\n<li>Cultura de bienestar sostenible.<\/li>\n<\/ul>\n<h3><strong>\u00bfC\u00f3mo lo hacemos?<\/strong><\/h3>\n<ol>\n<li><b>Reuni\u00f3n grauita de valoraci\u00f3n.<\/b><\/li>\n<li><b>Dise\u00f1o del plan espec\u00edfico.<\/b><\/li>\n<li><b>Presupuesto personalizado.<\/b><\/li>\n<li><b>Acompa\u00f1amiento y ejecuci\u00f3n del plan.<\/b><\/li>\n<\/ol>\n","protected":false},"excerpt":{"rendered":"<p><strong>Un proceso dise\u00f1ado para empresas que quieren resultados reales<\/strong><\/p>\n<p>Tus trabajadores aprender\u00e1n a:<\/p>\n<ul>\n<li>Comprender su dolor (musculoesquel\u00e9tico, tensional, digestivo o emocional) desde la neurociencia.<\/li>\n<li>Regular su sistema nervioso para disminuir s\u00edntomas.<\/li>\n<li>Volver a moverse sin miedo.<\/li>\n<li>Gestionar estr\u00e9s, ansiedad y patrones de alerta.<\/li>\n<li>Desactivar el miedo anticipatorio que tanto interfiere con el rendimiento laboral.<\/li>\n<li>Recuperar energ\u00eda, claridad mental y capacidad para trabajar con normalidad.<\/li>\n<\/ul>\n<div style=\"margin: 20px 0; padding: 15px; border: 1px dashed #ccc; background-color: #fafafa;\">\n<p style=\"margin-bottom: 10px; font-weight: 600;\">\u00bfQuieres saber m\u00e1s sobre nuestra metodolog\u00eda?<\/p>\n<p><a style=\"color: #d32f2f; text-decoration: none; font-weight: bold; display: flex; align-items: center;\" href=\"https:\/\/ycpcreativos.com\/angelasierra\/wp-content\/uploads\/2026\/02\/Angela-Sierra.pdf\" target=\"_blank\" rel=\"noopener\"><br \/>\n<span style=\"margin-right: 8px;\">\ud83d\udcc4<\/span> Descargar Dossier Informativo (PDF)<br \/>\n<\/a><\/p>\n<\/div>\n","protected":false},"featured_media":28573,"template":"","meta":[],"product_brand":[],"product_cat":[196],"product_tag":[],"class_list":{"0":"post-2346","1":"product","2":"type-product","3":"status-publish","4":"has-post-thumbnail","6":"product_cat-sin-categorizar","8":"first","9":"instock","10":"shipping-taxable","11":"product-type-external"},"_links":{"self":[{"href":"https:\/\/ycpcreativos.com\/angelasierra\/wp-json\/wp\/v2\/product\/2346","targetHints":{"allow":["GET"]}}],"collection":[{"href":"https:\/\/ycpcreativos.com\/angelasierra\/wp-json\/wp\/v2\/product"}],"about":[{"href":"https:\/\/ycpcreativos.com\/angelasierra\/wp-json\/wp\/v2\/types\/product"}],"wp:featuredmedia":[{"embeddable":true,"href":"https:\/\/ycpcreativos.com\/angelasierra\/wp-json\/wp\/v2\/media\/28573"}],"wp:attachment":[{"href":"https:\/\/ycpcreativos.com\/angelasierra\/wp-json\/wp\/v2\/media?parent=2346"}],"wp:term":[{"taxonomy":"product_brand","embeddable":true,"href":"https:\/\/ycpcreativos.com\/angelasierra\/wp-json\/wp\/v2\/product_brand?post=2346"},{"taxonomy":"product_cat","embeddable":true,"href":"https:\/\/ycpcreativos.com\/angelasierra\/wp-json\/wp\/v2\/product_cat?post=2346"},{"taxonomy":"product_tag","embeddable":true,"href":"https:\/\/ycpcreativos.com\/angelasierra\/wp-json\/wp\/v2\/product_tag?post=2346"}],"curies":[{"name":"wp","href":"https:\/\/api.w.org\/{rel}","templated":true}]}}