{"id":2377,"date":"2020-05-12T12:18:04","date_gmt":"2020-05-12T12:18:04","guid":{"rendered":"https:\/\/ycpcreativos.com\/angelasierra\/?post_type=product&#038;p=2377"},"modified":"2026-02-17T12:41:33","modified_gmt":"2026-02-17T11:41:33","slug":"espacio-seguro","status":"publish","type":"product","link":"https:\/\/ycpcreativos.com\/angelasierra\/product\/espacio-seguro\/","title":{"rendered":"Espacio seguro &#8211; Membres\u00eda (precio por trimestre)"},"content":{"rendered":"<h3><strong>\u00bfC\u00f3mo vamos a hacerlo?<\/strong><\/h3>\n<ul>\n<li>Tantos meses como necesites de acompa\u00f1amiento continuo, para sostener tu proceso de reversi\u00f3n del dolor desde una mirada integral y amable.<\/li>\n<li>Encuentros mensuales, donde profundizaremos en temas clave como emociones, movimiento, creencias, autocompasi\u00f3n o gesti\u00f3n del estr\u00e9s. Cada encuentro es vivencial, pr\u00e1ctico y con din\u00e1micas que te ayudar\u00e1n a integrar lo aprendido en tu d\u00eda a d\u00eda.<\/li>\n<li>Espacios de reflexi\u00f3n y preguntas, para revisar tus avances, compartir experiencias y resolver dudas con gu\u00eda profesional y apoyo del grupo.<\/li>\n<li>Pr\u00e1cticas guiadas (audio o v\u00eddeo) para seguir entrenando la conexi\u00f3n cuerpo\u2013mente entre encuentro y encuentro.<\/li>\n<li>Acceso a todo el contenido anterior (grabaciones, materiales y ejercicios) para que puedas revisarlo a tu ritmo y profundizar cuando lo necesites.<\/li>\n<li>Grupo de acompa\u00f1amiento continuo donde podr\u00e1s compartir lo que vayas sintiendo, pedir orientaci\u00f3n o simplemente sentirte acompa\u00f1ada por personas que te entienden.<\/li>\n<\/ul>\n<h3><strong>Espacio seguro si es para ti si&#8230;<\/strong><\/h3>\n<ul>\n<li>Est\u00e1s comprometid@ con tu proceso de reversi\u00f3n del dolor y dispuest@ a implicarte activamente en tu bienestar.<\/li>\n<li>Sientes que ha llegado el momento de comprenderte m\u00e1s all\u00e1 del s\u00edntoma f\u00edsico, y abrirte a trabajar desde un abordaje mente-cuerpo.<\/li>\n<li>Quieres aprender herramientas pr\u00e1cticas para regular tu sistema nervioso, entender tus emociones y recuperar la seguridad en el proceso.<\/li>\n<li>Est\u00e1s dispuest@ a mirarte con honestidad y ternura, reconociendo patrones o creencias que pueden estar sosteniendo el dolor.<\/li>\n<li>Buscas un espacio de acompa\u00f1amiento consciente, donde puedas seguir aplicando y compartiendo lo que vives sin juicios y sentirte sostenid@ por otras personas en tu mismo camino.<\/li>\n<li>Deseas aprender a vivir con m\u00e1s calma, confianza y coherencia con lo que sientes, avanzando paso a paso desde el respeto a tus propios ritmos.<\/li>\n<\/ul>\n<h3><strong>Espacio seguro no es para ti si&#8230;<\/strong><\/h3>\n<ul>\n<li>Buscas una soluci\u00f3n r\u00e1pida o exclusivamente f\u00edsica al dolor.<\/li>\n<li>No est\u00e1s dispuest@ a dedicarte un espacio de introspecci\u00f3n, pr\u00e1ctica y autoconocimiento.<\/li>\n<li>Prefieres mantener una postura pasiva en el proceso, esperando que el cambio venga de fuera.<\/li>\n<li>No resuena contigo la idea de que el dolor tiene tambi\u00e9n un componente emocional y que puedes influir en \u00e9l a trav\u00e9s de tu propia conciencia.<\/li>\n<li>No te apetece participar en comunidad o compartir tu experiencia con otras personas desde el respeto y la empat\u00eda.<\/li>\n<\/ul>\n","protected":false},"excerpt":{"rendered":"<p><strong>\u00bfQu\u00e9 encontrar\u00e1s en ESPACIO SEGURO?<\/strong><\/p>\n<p>En ESPACIO SEGURO encontrar\u00e1s un entorno donde sentirte acompa\u00f1ad@, comprendid@ y fortalecido@ para aprender conocimiento y aplicar las herramientas para revertir el dolor cr\u00f3nico en tu vida cotidiana. Este espacio te recordar\u00e1 que no est\u00e1s sol@ en tu camino de reversi\u00f3n del dolor u otros s\u00edntomas disfuncionales.<\/p>\n<p>Aqu\u00ed cultivar\u00e1s el bienestar desde la seguridad, la conexi\u00f3n y la pr\u00e1ctica constante.<\/p>\n<p>Tanto si est\u00e1s dando tus primeros pasos en la Reversi\u00f3n del Dolor cr\u00f3nico, como si ya has trabajado individualmente conmigo o realizado otro tipo de formaciones, Espacio Seguro te ofrece un lugar de calma, comprensi\u00f3n, acompa\u00f1amiento y pr\u00e1ctica donde aprender, integrar, ganar confianza y sostenerte en el proceso de recuperaci\u00f3n.<\/p>\n<p>Aqu\u00ed no necesitas \u201chacerlo perfecto\u201d, solo venir tal como est\u00e1s y permitirte avanzar a tu ritmo, en compa\u00f1\u00eda.<\/p>\n","protected":false},"featured_media":28291,"template":"","meta":[],"product_brand":[],"product_cat":[196],"product_tag":[],"class_list":{"0":"post-2377","1":"product","2":"type-product","3":"status-publish","4":"has-post-thumbnail","6":"product_cat-sin-categorizar","8":"first","9":"instock","10":"virtual","11":"purchasable","12":"product-type-simple"},"_links":{"self":[{"href":"https:\/\/ycpcreativos.com\/angelasierra\/wp-json\/wp\/v2\/product\/2377","targetHints":{"allow":["GET"]}}],"collection":[{"href":"https:\/\/ycpcreativos.com\/angelasierra\/wp-json\/wp\/v2\/product"}],"about":[{"href":"https:\/\/ycpcreativos.com\/angelasierra\/wp-json\/wp\/v2\/types\/product"}],"wp:featuredmedia":[{"embeddable":true,"href":"https:\/\/ycpcreativos.com\/angelasierra\/wp-json\/wp\/v2\/media\/28291"}],"wp:attachment":[{"href":"https:\/\/ycpcreativos.com\/angelasierra\/wp-json\/wp\/v2\/media?parent=2377"}],"wp:term":[{"taxonomy":"product_brand","embeddable":true,"href":"https:\/\/ycpcreativos.com\/angelasierra\/wp-json\/wp\/v2\/product_brand?post=2377"},{"taxonomy":"product_cat","embeddable":true,"href":"https:\/\/ycpcreativos.com\/angelasierra\/wp-json\/wp\/v2\/product_cat?post=2377"},{"taxonomy":"product_tag","embeddable":true,"href":"https:\/\/ycpcreativos.com\/angelasierra\/wp-json\/wp\/v2\/product_tag?post=2377"}],"curies":[{"name":"wp","href":"https:\/\/api.w.org\/{rel}","templated":true}]}}